{"id":2484,"date":"2018-08-25T15:47:12","date_gmt":"2018-08-25T13:47:12","guid":{"rendered":"https:\/\/www.23baullari.it\/?page_id=2484"},"modified":"2018-08-25T15:47:12","modified_gmt":"2018-08-25T13:47:12","slug":"termini-e-condizioni","status":"publish","type":"page","link":"https:\/\/www.23baullari.it\/en\/termini-e-condizioni\/","title":{"rendered":"Termini e condizioni"},"content":{"rendered":"<p>Le seguenti Condizioni Generali di Vendita<br \/>\nregolano l&#8217;offerta e l&#8217; acquisto di prodotti sul sito elettronico<br \/>\nwww.23Baullari.it (di seguito &#8220;Sito&#8221;) \u00e8 diritto del Cliente esserne a conoscenza.<br \/>\nEffettuare l&#8217;ordine di acquisto comporta<br \/>\nl\u2019integrale conoscenza e l&#8217;espressa accettazione delle suddette Condizioni Generali di Vendita.<\/p>\n<h2>EVASIONE ORDINI<\/h2>\n<p>I prodotti sono commercializzati dalla ditta Fioramonti Alfonso, con sede in Italia, in Via dei Baullari n.23 -00186 Roma,\u00a0c.f. FRMLNS57R15H501D p. iva 04943440588 (di seguito &#8220;Venditore&#8221;)<br \/>\nIl Cliente formula la proposta di acquisto del prodotto\/i tramite l&#8217;invio del modulo d&#8217;ordine in formato elettronico, fornendo\u00a0contestualmente i dati identificativi esatti reali e corretti, dei quali il Cliente stesso \u00e8 il diretto responsabile,<br \/>\ned accetta specificatamente le Condizioni Generali di Vendita qui indicate.<br \/>\nIl Cliente pu\u00f2 richiedere la fatturazione tramite specifica e-mail,\u00a0ed altres\u00ec l&#8217;invio in un luogo di spedizione differente dai propri dati indicati.<br \/>\nRicevuto il modulo d&#8217;ordine il venditore invier\u00e0 tramite e-mail di conferma dell&#8217;ordine,\u00a0riservandosi a proprio insindacabile giudizio, sempre comunicandolo tramite e-mail, il diritto di non dare corso alla proposta d&#8217;ordine nei casi in cui:<br \/>\ni dati espressi siano non corretti e\/o incompleti,<br \/>\nil Cliente non soddisfi i requisiti di solvibilit\u00e0,<br \/>\ni prodotti ordinati non siano pi\u00f9 disponibili.<br \/>\nIn questa eventualit\u00e0 la somma addebitata al Cliente, verr\u00e0 rimborsata tramite bonifico bancario sul conto corrente indicato\u00a0dal Cliente stesso.<br \/>\nVerificati i necessari requisiti l&#8217;Ordine di acquisto sar\u00e0 eseguito.<\/p>\n<h2>DIRITTO DI RECESSO<\/h2>\n<p>Come indicato dall&#8217;art. 52 e ss. del Codice del Consumo (D.Lgs. n. 206\/2005 e succ. modifiche), il Cliente ha diritto di recedere dall&#8217;acquisto, senza nessuna penale e senza dover fornire alcuna spiegazione, entro 14 giorni a partire dalla data di ricevimento dei prodotti acquistati on-line.<br \/>\nPer poter esercitare il diritto di recesso \u00e8 necessario che :<br \/>\nil prodotto sia reso nella sua integrit\u00e0 (non saranno accettati resi su parti o porzioni di esso);<br \/>\nil prodotto non sia stato usato, danneggiato, sporcato o abbia perso di valore;<br \/>\nil prodotto non sia su misura o personalizzato ad es. con cifre ricamate od altro;<br \/>\nil prodotto da rendere sia consegnato dal cliente al corriere entro 14 quattordici giorni dalla data in cui \u00e8 stato comunicato il recesso.<br \/>\nLe spese di trasporto ed i rischi relativi al trasporto, nell&#8217;eventualit\u00e0 di reso saranno a carico del Cliente come da normativa vigente.<br \/>\nNel caso questi termini non siano osservati, ci riserviamo di non accettare il reso e chiedere con e-mail di scegliere tra rinviare il prodotto\/i al cliente a proprie spese o trattenerli senza rimborso dell&#8217;importo pagato; viceversa avendo il Cliente diritto al rimborso lo stesso verr\u00e0 effettuato nel tempo pi\u00f9 rapido possibile tramite riaccredito con bonifico bancario di cui il Cliente si impegna a fornire con e-mail le necessarie coordinate IBAN SWIFT.<br \/>\nNel caso in cui il prodotto\/i, non sia conforme all&#8217;ordine per errore del venditore o risulti danneggiato a causa del trasporto all&#8217;atto della consegna verr\u00e0 sostituito senza spese aggiuntive. Relativamente a ci\u00f2 \u00e8 assolutamente necessario, verificare ad ogni consegna, l&#8217;integrit\u00e0 della spedizione e il numero dei colli consegnati, annotando la presenza di difformit\u00e0 al momento stesso della firma di ritiro e apponendo con la stessa: ACCETTO CON RISERVA , viceversa decadr\u00e0 la possibilit\u00e0 di sollevare qualunque contestazione.<\/p>\n<h2>GARANZIA<\/h2>\n<p>Il prodotto venduto \u00e8 coperto da garanzia se difettoso o non conforme; per usufruire della garanzia \u00e8 necessario un reclamo formale entro 2 due mesi dalla data di acquisto. Nel caso di prodotto difettoso o di mancata conformit\u00e0, il Cliente avr\u00e0 diritto ad ottenere il ripristino della conformit\u00e0 del prodotto senza spese, mediante riparazione o sostituzione.<\/p>\n<h3>PREZZI<\/h3>\n<p>I prezzi di vendita, espressi in Euro, si intendono comprensivi delle relative imposte a cui vanno aggiunti i costi di trasporto. I prezzi dei prodotti e i costi di trasporto possono variare senza obbligo di preavviso. Il Cliente \u00e8 tenuto ad accertarsi dei prezzi e dei costi contestualmente ad ogni ordine.<\/p>\n<h3>SPEDIZIONE-FATTURA<\/h3>\n<p>La spedizione si effettua con i dati forniti dal Cliente tramite e-mail, essendo gli unici usati \u00e8 responsabilit\u00e0 del Cliente stesso fornire\u00a0i suindicati dati esatti reali e corretti per avere un servizio di spedizione e relativa fatturazione, se necessaria o richiesta, appropriati; il Cliente v\u00e0 pertanto considerato responsabile sotto l&#8217;aspetto fiscale e\/o legale, relativamente alla fornitura dei dati stessi.<br \/>\nPer l&#8217;osservanza delle norme sulla privacy del Cliente si rimanda alla sezione &#8216;(normativa) <a href=\"https:\/\/www.23baullari.it\/en\/informativa-privacy\/\">privacy<\/a>&#8216;.<br \/>\nLe spedizioni hanno tempi normalmente di 3-4 gg lavorativi .<br \/>\nIl venditore non sar\u00e0 responsabile di eventuali vendite in eccesso, pur in presenza di un sistema di scarico-quantit\u00e0 automatico nel sito di vendita, date da ordini in simultanea. Sar\u00e0 comunque ad ogni buon conto, preoccupazione del venditore risolvere sempre e nel miglior modo possibile le esigenze del Cliente.<br \/>\nCome sopra indicato, i costi di spedizione sono a carico del Cliente.<br \/>\nSpedizioni in Stati fuori dall&#8217;Italia, potrebbero essere soggette ad apertura e controlli doganali delle confezioni di spedizione.<\/p>\n<h3>METODI DI PAGAMENTO<\/h3>\n<p>I pagamenti possono essere effettuati con:\u00a0paypal &#8211;\u00a0bonifico bancario, da inviare a: Fioramonti Alfonso<br \/>\nBANCA MONTE DEI PASCHI DI SIENA SPA iban: IT46P 010 300 3202 00000 192 2344<\/p>\n<p><strong>IMMAGINI<\/strong><br \/>\nLa rappresentazione fotografica dei prodotti, viene curata per avere il massimo della corrispondenza, in particolare quella cromatica; discrepanze si potrebbero comunque verificare per effetto del browser internet e\/o del monitor utilizzato.<\/p>\n<p><strong>CONTATTI<\/strong><br \/>\nSi pu\u00f2 contattare il nostro negozio fisico, per ogni esigenza commerciale ed informazione ulteriore, tramite e-mail all&#8217;indirizzo 23baullari@gmail.com<\/p>\n<p><strong>LEGGE APPLICABILE<\/strong><br \/>\nLe presenti condizioni generali di vendita sono intese stipulate in Italia e di conseguenza regolate ed interpretate dalle leggi e dal diritto italiano. Pertanto eventuali controversie relative alle stesse dovranno essere risolte in via esclusiva dall\u2019autorit\u00e0 giurisdizionale Italiana , stabilendo il venditore e il Cliente consensualmente la competenza esclusiva del Foro di Roma.<\/p>\n<p><strong>MODIFICHE AGGIORNAMENTI VARIAZIONI<\/strong><br \/>\nLe presenti condizioni generali di vendita possono essere modificate in ogni momento senza preavviso. Saranno pertanto valide esclusivamente le condizioni generali di vendita vigenti al momento dell&#8217;ordine; per ordini effettuati precedentemente alle modifiche restano valide le condizioni generali di vendita precedenti a tali modifiche.<\/p>\n<p><strong>MINORI<\/strong><br \/>\nIl sito non vende ai minori di anni 18<\/p>\n<p><strong>PRIVACY<\/strong><br \/>\nRelativamente alla tutela della riservatezza per la raccolta e il trattamento dei dati personali, si rinvia espressamente il Cliente\u00a0all&#8217;apposita <a href=\"https:\/\/www.23baullari.it\/en\/informativa-privacy\/\">informativa<\/a>.<\/p>","protected":false},"excerpt":{"rendered":"<p>Le seguenti Condizioni Generali di Vendita regolano l&#8217;offerta e l&#8217; acquisto di prodotti sul sito elettronico www.23Baullari.it (di seguito &#8220;Sito&#8221;) \u00e8 diritto del Cliente esserne a conoscenza. Effettuare l&#8217;ordine di acquisto comporta l\u2019integrale conoscenza e l&#8217;espressa accettazione delle suddette Condizioni Generali di Vendita. EVASIONE ORDINI I prodotti sono commercializzati dalla ditta Fioramonti Alfonso, con sede [&hellip;]<\/p>\n","protected":false},"author":4,"featured_media":0,"parent":0,"menu_order":0,"comment_status":"closed","ping_status":"closed","template":"","meta":{"footnotes":""},"class_list":["post-2484","page","type-page","status-publish","hentry"],"_links":{"self":[{"href":"https:\/\/www.23baullari.it\/en\/wp-json\/wp\/v2\/pages\/2484","targetHints":{"allow":["GET"]}}],"collection":[{"href":"https:\/\/www.23baullari.it\/en\/wp-json\/wp\/v2\/pages"}],"about":[{"href":"https:\/\/www.23baullari.it\/en\/wp-json\/wp\/v2\/types\/page"}],"author":[{"embeddable":true,"href":"https:\/\/www.23baullari.it\/en\/wp-json\/wp\/v2\/users\/4"}],"replies":[{"embeddable":true,"href":"https:\/\/www.23baullari.it\/en\/wp-json\/wp\/v2\/comments?post=2484"}],"version-history":[{"count":0,"href":"https:\/\/www.23baullari.it\/en\/wp-json\/wp\/v2\/pages\/2484\/revisions"}],"wp:attachment":[{"href":"https:\/\/www.23baullari.it\/en\/wp-json\/wp\/v2\/media?parent=2484"}],"curies":[{"name":"wp","href":"https:\/\/api.w.org\/{rel}","templated":true}]}}